{"id":719,"date":"2026-02-15T15:53:13","date_gmt":"2026-02-15T15:53:13","guid":{"rendered":"https:\/\/jkstratedge.fr\/?page_id=719"},"modified":"2026-02-16T16:21:49","modified_gmt":"2026-02-16T16:21:49","slug":"mentions-legales","status":"publish","type":"page","link":"https:\/\/jkstratedge.fr\/index.php\/mentions-legales\/","title":{"rendered":"mentions-legales"},"content":{"rendered":"\t\t<div data-elementor-type=\"wp-page\" data-elementor-id=\"719\" class=\"elementor elementor-719\" data-elementor-post-type=\"page\">\n\t\t\t\t<div data-ka-cursor-size=\"1\" class=\"elementor-element elementor-element-4c461217 e-con-full e-flex e-con e-parent\" data-id=\"4c461217\" data-element_type=\"container\" data-e-type=\"container\" data-settings=\"{&quot;kng_cursor_interaction&quot;:&quot;default&quot;,&quot;kng_cursor_magnetic&quot;:&quot;none&quot;,&quot;kng_cursor_size_multiplier&quot;:{&quot;unit&quot;:&quot;px&quot;,&quot;size&quot;:1,&quot;sizes&quot;:[]}}\">\n\t\t\t\t<div data-ka-cursor-size=\"1\" class=\"elementor-element elementor-element-6acbfa1f elementor-widget elementor-widget-text-editor\" data-id=\"6acbfa1f\" data-element_type=\"widget\" data-e-type=\"widget\" data-settings=\"{&quot;kng_cursor_interaction&quot;:&quot;default&quot;,&quot;kng_cursor_magnetic&quot;:&quot;none&quot;,&quot;kng_cursor_size_multiplier&quot;:{&quot;unit&quot;:&quot;px&quot;,&quot;size&quot;:1,&quot;sizes&quot;:[]}}\" data-widget_type=\"text-editor.default\">\n\t\t\t\t\t\t\t\t\t<h3 data-path-to-node=\"6\">MENTIONS L\u00c9GALES ET CONDITIONS G\u00c9N\u00c9RALES D&rsquo;UTILISATION<\/h3>\n<h4 data-path-to-node=\"7\">1. Pr\u00e9sentation du site.<\/h4>\n<p data-path-to-node=\"8\">En vertu de l&rsquo;article 6 de la loi n\u00b0 2004-575 du 21 juin 2004 pour la confiance dans l&rsquo;\u00e9conomie num\u00e9rique, il est pr\u00e9cis\u00e9 aux utilisateurs du site <b data-path-to-node=\"8\" data-index-in-node=\"147\"><a class=\"ng-star-inserted\" href=\"https:\/\/www.google.com\/search?q=https:\/\/jkstratedge.fr&amp;authuser=1\" target=\"_blank\" rel=\"noopener\" data-hveid=\"0\" data-ved=\"0CAAQ_4QMahgKEwjZm73onN6SAxUAAAAAHQAAAAAQkgQ\">https:\/\/jkstratedge.fr<\/a><\/b> l&rsquo;identit\u00e9 des diff\u00e9rents intervenants dans le cadre de sa r\u00e9alisation et de son suivi :<\/p>\n<p data-path-to-node=\"9\"><b data-path-to-node=\"9\" data-index-in-node=\"0\">Propri\u00e9taire et \u00c9diteur :<\/b> <b data-path-to-node=\"9\" data-index-in-node=\"26\">JK StratEdge<\/b> (Nom commercial) \/ <b data-path-to-node=\"9\" data-index-in-node=\"58\">Home Harmony by JK StratEdge<\/b> Jilane MAHMOUD (Nom de naissance : MAHMOUD IBRAHIM KHEDR Jilane) Statut : Entrepreneur individuel Adresse : 4 rue du Poncelet, 77700 Serris \u2013 France SIRET : 944 474 527 00013 TVA Intracommunautaire : FR49944474527 Email : contact@jkstratedge.fr T\u00e9l : 07 81 67 36 36<\/p>\n<p data-path-to-node=\"10\"><b data-path-to-node=\"10\" data-index-in-node=\"0\">Responsable publication :<\/b> Jilane MAHMOUD \u2013 contact@jkstratedge.fr <i data-path-to-node=\"10\" data-index-in-node=\"66\">Le responsable publication est une personne physique.<\/i><\/p>\n<p data-path-to-node=\"12\"><b data-path-to-node=\"12\" data-index-in-node=\"0\">H\u00e9bergeur :<\/b> OVH SAS 2 rue Kellermann &#8211; 59100 Roubaix &#8211; France T\u00e9l : 1007 Site web : <a class=\"ng-star-inserted\" href=\"https:\/\/www.ovhcloud.com\" target=\"_blank\" rel=\"noopener\" data-hveid=\"0\" data-ved=\"0CAAQ_4QMahgKEwjZm73onN6SAxUAAAAAHQAAAAAQkwQ\">www.ovhcloud.com<\/a><\/p>\n<h4 data-path-to-node=\"13\">2. Conditions g\u00e9n\u00e9rales d&rsquo;utilisation du site et des services propos\u00e9s.<\/h4>\n<p data-path-to-node=\"14\">L&rsquo;utilisation du site <b data-path-to-node=\"14\" data-index-in-node=\"22\"><a class=\"ng-star-inserted\" href=\"https:\/\/www.google.com\/search?q=https:\/\/jkstratedge.fr&amp;authuser=1\" target=\"_blank\" rel=\"noopener\" data-hveid=\"0\" data-ved=\"0CAAQ_4QMahgKEwjZm73onN6SAxUAAAAAHQAAAAAQlAQ\">https:\/\/jkstratedge.fr<\/a><\/b> implique l&rsquo;acceptation pleine et enti\u00e8re des conditions g\u00e9n\u00e9rales d&rsquo;utilisation ci-apr\u00e8s d\u00e9crites. Ces conditions d&rsquo;utilisation sont susceptibles d&rsquo;\u00eatre modifi\u00e9es ou compl\u00e9t\u00e9es \u00e0 tout moment, les utilisateurs du site sont donc invit\u00e9s \u00e0 les consulter de mani\u00e8re r\u00e9guli\u00e8re.<\/p>\n<p data-path-to-node=\"15\">Ce site est normalement accessible \u00e0 tout moment aux utilisateurs. Une interruption pour raison de maintenance technique peut \u00eatre toutefois d\u00e9cid\u00e9e par <b data-path-to-node=\"15\" data-index-in-node=\"153\">JK StratEdge<\/b>, qui s&rsquo;efforcera alors de communiquer pr\u00e9alablement aux utilisateurs les dates et heures de l&rsquo;intervention.<\/p>\n<p data-path-to-node=\"16\">Le site est mis \u00e0 jour r\u00e9guli\u00e8rement. De la m\u00eame fa\u00e7on, les mentions l\u00e9gales peuvent \u00eatre modifi\u00e9es \u00e0 tout moment : elles s&rsquo;imposent n\u00e9anmoins \u00e0 l&rsquo;utilisateur qui est invit\u00e9 \u00e0 s&rsquo;y r\u00e9f\u00e9rer le plus souvent possible afin d&rsquo;en prendre connaissance.<\/p>\n<h4 data-path-to-node=\"17\">3. Description des services fournis.<\/h4>\n<p data-path-to-node=\"18\">Le site <b data-path-to-node=\"18\" data-index-in-node=\"8\"><a class=\"ng-star-inserted\" href=\"https:\/\/www.google.com\/search?q=https:\/\/jkstratedge.fr&amp;authuser=1\" target=\"_blank\" rel=\"noopener\" data-hveid=\"0\" data-ved=\"0CAAQ_4QMahgKEwjZm73onN6SAxUAAAAAHQAAAAAQlQQ\">https:\/\/jkstratedge.fr<\/a><\/b> a pour objet de fournir une information concernant l&rsquo;ensemble des activit\u00e9s de la soci\u00e9t\u00e9 (Coordination de projets, organisation int\u00e9rieure, apporteur d&rsquo;affaires).<\/p>\n<p data-path-to-node=\"19\"><b data-path-to-node=\"19\" data-index-in-node=\"0\">JK StratEdge<\/b> s&rsquo;efforce de fournir sur le site des informations aussi pr\u00e9cises que possible. Toutefois, il ne pourra \u00eatre tenu responsable des omissions, des inexactitudes et des carences dans la mise \u00e0 jour, qu&rsquo;elles soient de son fait ou du fait des tiers partenaires qui lui fournissent ces informations.<\/p>\n<p data-path-to-node=\"20\">Toutes les informations indiqu\u00e9es sur le site sont donn\u00e9es \u00e0 titre indicatif, et sont susceptibles d&rsquo;\u00e9voluer. Par ailleurs, les renseignements figurant sur le site ne sont pas exhaustifs. Ils sont donn\u00e9s sous r\u00e9serve de modifications ayant \u00e9t\u00e9 apport\u00e9es depuis leur mise en ligne.<\/p>\n<h4 data-path-to-node=\"21\">4. Limitations contractuelles sur les donn\u00e9es techniques.<\/h4>\n<p data-path-to-node=\"22\">Le site utilise la technologie JavaScript (via le CMS WordPress).<\/p>\n<p data-path-to-node=\"23\">Le site Internet ne pourra \u00eatre tenu responsable de dommages mat\u00e9riels li\u00e9s \u00e0 l&rsquo;utilisation du site. De plus, l&rsquo;utilisateur du site s&rsquo;engage \u00e0 acc\u00e9der au site en utilisant un mat\u00e9riel r\u00e9cent, ne contenant pas de virus et avec un navigateur de derni\u00e8re g\u00e9n\u00e9ration mis-\u00e0-jour.<\/p>\n<h4 data-path-to-node=\"24\">5. Propri\u00e9t\u00e9 intellectuelle et contrefa\u00e7ons.<\/h4>\n<p data-path-to-node=\"25\"><b data-path-to-node=\"25\" data-index-in-node=\"0\">JK StratEdge<\/b> est propri\u00e9taire des droits de propri\u00e9t\u00e9 intellectuelle ou d\u00e9tient les droits d&rsquo;usage sur tous les \u00e9l\u00e9ments accessibles sur le site, notamment les textes, images, graphismes, logo, ic\u00f4nes, sons, logiciels.<\/p>\n<p data-path-to-node=\"26\">Toute reproduction, repr\u00e9sentation, modification, publication, adaptation de tout ou partie des \u00e9l\u00e9ments du site, quel que soit le moyen ou le proc\u00e9d\u00e9 utilis\u00e9, est interdite, sauf autorisation \u00e9crite pr\u00e9alable de <b data-path-to-node=\"26\" data-index-in-node=\"213\">JK StratEdge<\/b>.<\/p>\n<p data-path-to-node=\"27\">Toute exploitation non autoris\u00e9e du site ou de l&rsquo;un quelconque des \u00e9l\u00e9ments qu&rsquo;il contient sera consid\u00e9r\u00e9e comme constitutive d&rsquo;une contrefa\u00e7on et poursuivie conform\u00e9ment aux dispositions des articles L.335-2 et suivants du Code de Propri\u00e9t\u00e9 Intellectuelle.<\/p>\n<h4 data-path-to-node=\"28\">6. Limitations de responsabilit\u00e9.<\/h4>\n<p data-path-to-node=\"29\"><b data-path-to-node=\"29\" data-index-in-node=\"0\">JK StratEdge<\/b> ne pourra \u00eatre tenue responsable des dommages directs et indirects caus\u00e9s au mat\u00e9riel de l&rsquo;utilisateur, lors de l&rsquo;acc\u00e8s au site, et r\u00e9sultant soit de l&rsquo;utilisation d&rsquo;un mat\u00e9riel ne r\u00e9pondant pas aux sp\u00e9cifications indiqu\u00e9es au point 4, soit de l&rsquo;apparition d&rsquo;un bug ou d&rsquo;une incompatibilit\u00e9.<\/p>\n<p data-path-to-node=\"30\"><b data-path-to-node=\"30\" data-index-in-node=\"0\">JK StratEdge<\/b> ne pourra \u00e9galement \u00eatre tenue responsable des dommages indirects (tels par exemple qu&rsquo;une perte de march\u00e9 ou perte d&rsquo;une chance) cons\u00e9cutifs \u00e0 l&rsquo;utilisation du site.<\/p>\n<p data-path-to-node=\"31\">Des espaces interactifs (formulaire de contact) sont \u00e0 la disposition des utilisateurs. <b data-path-to-node=\"31\" data-index-in-node=\"88\">JK StratEdge<\/b> se r\u00e9serve le droit de supprimer, sans mise en demeure pr\u00e9alable, tout contenu d\u00e9pos\u00e9 dans cet espace qui contreviendrait \u00e0 la l\u00e9gislation applicable en France, en particulier aux dispositions relatives \u00e0 la protection des donn\u00e9es. Le cas \u00e9ch\u00e9ant, l&rsquo;\u00e9diteur se r\u00e9serve \u00e9galement la possibilit\u00e9 de mettre en cause la responsabilit\u00e9 civile et\/ou p\u00e9nale de l&rsquo;utilisateur, notamment en cas de message \u00e0 caract\u00e8re raciste, injurieux, diffamant, ou pornographique, quel que soit le support utilis\u00e9 (texte, photographie\u2026).<\/p>\n<h4 data-path-to-node=\"32\">7. Gestion des donn\u00e9es personnelles.<\/h4>\n<p data-path-to-node=\"33\">Le Client est inform\u00e9 des r\u00e9glementations concernant la communication marketing, la loi du 21 Juin 2014 pour la confiance dans l\u2019Economie Num\u00e9rique, la Loi Informatique et Libert\u00e9 du 06 Ao\u00fbt 2004 ainsi que du R\u00e8glement G\u00e9n\u00e9ral sur la Protection des Donn\u00e9es (RGPD : n\u00b0 2016-679).<\/p>\n<p data-path-to-node=\"34\"><b data-path-to-node=\"34\" data-index-in-node=\"0\">Responsable de la collecte des donn\u00e9es personnelles :<\/b> Pour les Donn\u00e9es Personnelles collect\u00e9es dans le cadre de la navigation de l\u2019Utilisateur sur le site, le responsable du traitement est : <b data-path-to-node=\"34\" data-index-in-node=\"191\">Jilane MAHMOUD<\/b>.<\/p>\n<p data-path-to-node=\"35\"><b data-path-to-node=\"35\" data-index-in-node=\"0\">Finalit\u00e9 des donn\u00e9es :<\/b> <b data-path-to-node=\"35\" data-index-in-node=\"23\">JK StratEdge<\/b> est susceptible de traiter tout ou partie des donn\u00e9es :<\/p>\n<ul data-path-to-node=\"36\">\n<li>\n<p data-path-to-node=\"36,0,0\">pour permettre la navigation sur le Site et la gestion et la tra\u00e7abilit\u00e9 des prestations et services command\u00e9s par l\u2019utilisateur.<\/p>\n<\/li>\n<li>\n<p data-path-to-node=\"36,1,0\">pour pr\u00e9venir et lutter contre la fraude informatique (spamming, hacking).<\/p>\n<\/li>\n<li>\n<p data-path-to-node=\"36,2,0\">pour am\u00e9li<span class=\"citation-85 citation-end-85\">orer la navigation sur le Site.<\/span><\/p>\n<div class=\"source-inline-chip-container ng-star-inserted\">&nbsp;<\/div>\n<\/li>\n<li>\n<p data-path-to-node=\"36,3,0\"><span class=\"citation-84 citation-end-84\">pour mener des campagnes de communication (mail, t\u00e9l\u00e9phone) : uniquement si l&rsquo;utilisateur a donn\u00e9 son accord via le formulaire.<\/span><\/p>\n<div class=\"source-inline-chip-container ng-star-inserted\">&nbsp;<\/div>\n<\/li>\n<\/ul>\n<p data-path-to-node=\"37\"><b data-path-to-node=\"37\" data-index-in-node=\"0\"><span class=\"citation-83 citation-end-83\">Droit d\u2019acc\u00e8s, de rectification et d\u2019opposition :<\/span><\/b> <span class=\"citation-82 citation-end-82\">Conform\u00e9ment<\/span> \u00e0 la r\u00e9glementation europ\u00e9enne en vigueur, les Utilisateurs de <b data-path-to-node=\"37\" data-index-in-node=\"126\"><a class=\"ng-star-inserted\" href=\"https:\/\/www.google.com\/search?q=https:\/\/jkstratedge.fr&amp;authuser=1\" target=\"_blank\" rel=\"noopener\" data-hveid=\"0\" data-ved=\"0CAAQ_4QMahgKEwjZm73onN6SAxUAAAAAHQAAAAAQlgQ\">https:\/\/jkstratedge.fr<\/a><\/b> disposent des droits d&rsquo;acc\u00e8s, de rectification, d&rsquo;effacement et d&rsquo;opposition. Pour exercer ce droit, l&rsquo;utilisateur peut \u00e9crire \u00e0 l&rsquo;adresse email : <b data-path-to-node=\"37\" data-index-in-node=\"296\">contact@jkstratedge.fr<\/b>.<\/p>\n<div class=\"source-inline-chip-container ng-star-inserted\">&nbsp;<\/div>\n<p data-path-to-node=\"38\"><b data-path-to-node=\"38\" data-index-in-node=\"0\">Non-communication des donn\u00e9es personnelles :<\/b> <b data-path-to-node=\"38\" data-index-in-node=\"45\">JK StratEdge<\/b> s\u2019interdit de traiter, h\u00e9berger ou transf\u00e9rer les Informations collect\u00e9es sur ses Clients vers un pays situ\u00e9 en dehors de l\u2019Union europ\u00e9enne ou reconnu comme \u00ab non ad\u00e9quat \u00bb par la Commission europ\u00e9enne sans en informer pr\u00e9alablement le client.<\/p>\n<p data-path-to-node=\"39\"><b data-path-to-node=\"39\" data-index-in-node=\"0\">Bloctel :<\/b> Conform\u00e9ment \u00e0 l&rsquo;article L.223-2 du Code de la consommation, nous vous informons de l\u2019existence de la liste d\u2019opposition au d\u00e9marchage t\u00e9l\u00e9phonique \u00ab Bloctel \u00bb, sur laquelle vous pouvez vous inscrire (<a class=\"ng-star-inserted\" href=\"https:\/\/www.bloctel.gouv.fr\/\" target=\"_blank\" rel=\"noopener\" data-hveid=\"0\" data-ved=\"0CAAQ_4QMahgKEwjZm73onN6SAxUAAAAAHQAAAAAQlwQ\">https:\/\/www.bloctel.gouv.fr\/<\/a>).<\/p>\n<h4 data-path-to-node=\"40\">8. Liens hypertextes et cookies.<\/h4>\n<p data-path-to-node=\"41\">Le site contient un certain nombre de liens hypertextes vers d&rsquo;autres sites. Cependant, <b data-path-to-node=\"41\" data-index-in-node=\"88\">JK StratEdge<\/b> n&rsquo;a pas la possibilit\u00e9 de v\u00e9rifier le contenu des sites ainsi visit\u00e9s, et n&rsquo;assumera en cons\u00e9quence aucune responsabilit\u00e9 de ce fait.<\/p>\n<p data-path-to-node=\"42\"><b data-path-to-node=\"42\" data-index-in-node=\"0\">Cookies :<\/b> La navigation sur le site est susceptible de provoquer l&rsquo;installation de cookie(s) sur l&rsquo;ordinateur de l&rsquo;utilisateur. L&rsquo;utilisateur peut configurer son navigateur pour refuser l&rsquo;installation des cookies, ou utiliser le <b data-path-to-node=\"42\" data-index-in-node=\"229\">panneau de gestion des cookies<\/b> mis \u00e0 sa disposition lors de sa premi\u00e8re visite sur le site.<\/p>\n<p data-path-to-node=\"43\">Le refus d&rsquo;installation d&rsquo;un cookie peut entra\u00eener l&rsquo;impossibilit\u00e9 d&rsquo;acc\u00e9der \u00e0 certains services.<\/p>\n<h4 data-path-to-node=\"44\">9. Droit applicable et attribution de juridiction.<\/h4>\n<p data-path-to-node=\"45\">Tout litige en relation avec l&rsquo;utilisation du site <b data-path-to-node=\"45\" data-index-in-node=\"51\"><a class=\"ng-star-inserted\" href=\"https:\/\/www.google.com\/search?q=https:\/\/jkstratedge.fr&amp;authuser=1\" target=\"_blank\" rel=\"noopener\" data-hveid=\"0\" data-ved=\"0CAAQ_4QMahgKEwjZm73onN6SAxUAAAAAHQAAAAAQmAQ\">https:\/\/jkstratedge.fr<\/a><\/b> est soumis au droit fran\u00e7ais. Il est fait attribution exclusive de juridiction aux tribunaux comp\u00e9tents de <b data-path-to-node=\"45\" data-index-in-node=\"181\">Meaux<\/b>.<\/p>\n<h4 data-path-to-node=\"46\">10. Les principales lois concern\u00e9es.<\/h4>\n<ul data-path-to-node=\"47\">\n<li>\n<p data-path-to-node=\"47,0,0\">Loi n\u00b0 78-17 du 6 janvier 1978, notamment modifi\u00e9e par la loi n\u00b0 2004-801 du 6 ao\u00fbt 2004 relative \u00e0 l&rsquo;informatique, aux fichiers et aux libert\u00e9s.<\/p>\n<\/li>\n<li>\n<p data-path-to-node=\"47,1,0\">Loi n\u00b0 2004-575 du 21 juin 2004 pour la confiance dans l&rsquo;\u00e9conomie num\u00e9rique.<\/p>\n<\/li>\n<li>\n<p data-path-to-node=\"47,2,0\">R\u00e8glement G\u00e9n\u00e9ral sur la Protection des Donn\u00e9es (RGPD) n\u00b0 2016\/679.<\/p>\n<\/li>\n<\/ul>\n<h4 data-path-to-node=\"48\">11. M\u00e9diation de la consommation<\/h4>\n<p data-path-to-node=\"49\">Conform\u00e9ment \u00e0 l&rsquo;article L 611-1 du code de la consommation, le consommateur est inform\u00e9 qu&rsquo;il a la possibilit\u00e9 de saisir un m\u00e9diateur de la consommation dans les conditions pr\u00e9vues aux articles L 611-1 et suivants du code de la consommation.<\/p>\n<p><!-- \/wp:paragraph --><\/p>\t\t\t\t\t\t\t\t<\/div>\n\t\t\t\t<\/div>\n\t\t\t\t<\/div>\n\t\t","protected":false},"excerpt":{"rendered":"<p>MENTIONS L\u00c9GALES ET CONDITIONS G\u00c9N\u00c9RALES D&rsquo;UTILISATION 1. Pr\u00e9sentation du site. En vertu de l&rsquo;article 6 de la loi n\u00b0 2004-575 du 21 juin 2004 pour la confiance dans l&rsquo;\u00e9conomie num\u00e9rique, il est pr\u00e9cis\u00e9 aux utilisateurs du site https:\/\/jkstratedge.fr l&rsquo;identit\u00e9 des diff\u00e9rents intervenants dans le cadre de sa r\u00e9alisation et de son suivi : Propri\u00e9taire et&#8230;<\/p>\n","protected":false},"author":1,"featured_media":0,"parent":0,"menu_order":0,"comment_status":"closed","ping_status":"closed","template":"","meta":{"_kad_post_transparent":"","_kad_post_title":"","_kad_post_layout":"","_kad_post_sidebar_id":"","_kad_post_content_style":"","_kad_post_vertical_padding":"","_kad_post_feature":"","_kad_post_feature_position":"","_kad_post_header":false,"_kad_post_footer":false,"_kad_post_classname":"","footnotes":""},"class_list":["post-719","page","type-page","status-publish","hentry"],"yoast_head":"<!-- This site is optimized with the Yoast SEO plugin v27.3 - https:\/\/yoast.com\/product\/yoast-seo-wordpress\/ -->\n<title>mentions-legales - JKStratEdge<\/title>\n<meta name=\"robots\" content=\"index, follow, max-snippet:-1, max-image-preview:large, max-video-preview:-1\" \/>\n<link rel=\"canonical\" href=\"https:\/\/jkstratedge.fr\/index.php\/mentions-legales\/\" \/>\n<meta property=\"og:locale\" content=\"fr_FR\" \/>\n<meta property=\"og:type\" content=\"article\" \/>\n<meta property=\"og:title\" content=\"mentions-legales - JKStratEdge\" \/>\n<meta property=\"og:description\" content=\"MENTIONS L\u00c9GALES ET CONDITIONS G\u00c9N\u00c9RALES D&rsquo;UTILISATION 1. Pr\u00e9sentation du site. En vertu de l&rsquo;article 6 de la loi n\u00b0 2004-575 du 21 juin 2004 pour la confiance dans l&rsquo;\u00e9conomie num\u00e9rique, il est pr\u00e9cis\u00e9 aux utilisateurs du site https:\/\/jkstratedge.fr l&rsquo;identit\u00e9 des diff\u00e9rents intervenants dans le cadre de sa r\u00e9alisation et de son suivi : Propri\u00e9taire et...\" \/>\n<meta property=\"og:url\" content=\"https:\/\/jkstratedge.fr\/index.php\/mentions-legales\/\" \/>\n<meta property=\"og:site_name\" content=\"JKStratEdge\" \/>\n<meta property=\"article:modified_time\" content=\"2026-02-16T16:21:49+00:00\" \/>\n<meta name=\"twitter:card\" content=\"summary_large_image\" \/>\n<meta name=\"twitter:label1\" content=\"Dur\u00e9e de lecture estim\u00e9e\" \/>\n\t<meta name=\"twitter:data1\" content=\"7 minutes\" \/>\n<script type=\"application\/ld+json\" class=\"yoast-schema-graph\">{\"@context\":\"https:\\\/\\\/schema.org\",\"@graph\":[{\"@type\":\"WebPage\",\"@id\":\"https:\\\/\\\/jkstratedge.fr\\\/index.php\\\/mentions-legales\\\/\",\"url\":\"https:\\\/\\\/jkstratedge.fr\\\/index.php\\\/mentions-legales\\\/\",\"name\":\"mentions-legales - JKStratEdge\",\"isPartOf\":{\"@id\":\"https:\\\/\\\/jkstratedge.fr\\\/#website\"},\"datePublished\":\"2026-02-15T15:53:13+00:00\",\"dateModified\":\"2026-02-16T16:21:49+00:00\",\"breadcrumb\":{\"@id\":\"https:\\\/\\\/jkstratedge.fr\\\/index.php\\\/mentions-legales\\\/#breadcrumb\"},\"inLanguage\":\"fr-FR\",\"potentialAction\":[{\"@type\":\"ReadAction\",\"target\":[\"https:\\\/\\\/jkstratedge.fr\\\/index.php\\\/mentions-legales\\\/\"]}]},{\"@type\":\"BreadcrumbList\",\"@id\":\"https:\\\/\\\/jkstratedge.fr\\\/index.php\\\/mentions-legales\\\/#breadcrumb\",\"itemListElement\":[{\"@type\":\"ListItem\",\"position\":1,\"name\":\"Accueil\",\"item\":\"https:\\\/\\\/jkstratedge.fr\\\/\"},{\"@type\":\"ListItem\",\"position\":2,\"name\":\"mentions-legales\"}]},{\"@type\":\"WebSite\",\"@id\":\"https:\\\/\\\/jkstratedge.fr\\\/#website\",\"url\":\"https:\\\/\\\/jkstratedge.fr\\\/\",\"name\":\"JKStratEdge\",\"description\":\"\",\"publisher\":{\"@id\":\"https:\\\/\\\/jkstratedge.fr\\\/#organization\"},\"potentialAction\":[{\"@type\":\"SearchAction\",\"target\":{\"@type\":\"EntryPoint\",\"urlTemplate\":\"https:\\\/\\\/jkstratedge.fr\\\/?s={search_term_string}\"},\"query-input\":{\"@type\":\"PropertyValueSpecification\",\"valueRequired\":true,\"valueName\":\"search_term_string\"}}],\"inLanguage\":\"fr-FR\"},{\"@type\":\"Organization\",\"@id\":\"https:\\\/\\\/jkstratedge.fr\\\/#organization\",\"name\":\"JKStratEdge\",\"url\":\"https:\\\/\\\/jkstratedge.fr\\\/\",\"logo\":{\"@type\":\"ImageObject\",\"inLanguage\":\"fr-FR\",\"@id\":\"https:\\\/\\\/jkstratedge.fr\\\/#\\\/schema\\\/logo\\\/image\\\/\",\"url\":\"https:\\\/\\\/jkstratedge.fr\\\/wp-content\\\/uploads\\\/2026\\\/01\\\/logo-profil-Photoroom_2.png\",\"contentUrl\":\"https:\\\/\\\/jkstratedge.fr\\\/wp-content\\\/uploads\\\/2026\\\/01\\\/logo-profil-Photoroom_2.png\",\"width\":682,\"height\":149,\"caption\":\"JKStratEdge\"},\"image\":{\"@id\":\"https:\\\/\\\/jkstratedge.fr\\\/#\\\/schema\\\/logo\\\/image\\\/\"}}]}<\/script>\n<!-- \/ Yoast SEO plugin. -->","yoast_head_json":{"title":"mentions-legales - JKStratEdge","robots":{"index":"index","follow":"follow","max-snippet":"max-snippet:-1","max-image-preview":"max-image-preview:large","max-video-preview":"max-video-preview:-1"},"canonical":"https:\/\/jkstratedge.fr\/index.php\/mentions-legales\/","og_locale":"fr_FR","og_type":"article","og_title":"mentions-legales - JKStratEdge","og_description":"MENTIONS L\u00c9GALES ET CONDITIONS G\u00c9N\u00c9RALES D&rsquo;UTILISATION 1. Pr\u00e9sentation du site. En vertu de l&rsquo;article 6 de la loi n\u00b0 2004-575 du 21 juin 2004 pour la confiance dans l&rsquo;\u00e9conomie num\u00e9rique, il est pr\u00e9cis\u00e9 aux utilisateurs du site https:\/\/jkstratedge.fr l&rsquo;identit\u00e9 des diff\u00e9rents intervenants dans le cadre de sa r\u00e9alisation et de son suivi : Propri\u00e9taire et...","og_url":"https:\/\/jkstratedge.fr\/index.php\/mentions-legales\/","og_site_name":"JKStratEdge","article_modified_time":"2026-02-16T16:21:49+00:00","twitter_card":"summary_large_image","twitter_misc":{"Dur\u00e9e de lecture estim\u00e9e":"7 minutes"},"schema":{"@context":"https:\/\/schema.org","@graph":[{"@type":"WebPage","@id":"https:\/\/jkstratedge.fr\/index.php\/mentions-legales\/","url":"https:\/\/jkstratedge.fr\/index.php\/mentions-legales\/","name":"mentions-legales - JKStratEdge","isPartOf":{"@id":"https:\/\/jkstratedge.fr\/#website"},"datePublished":"2026-02-15T15:53:13+00:00","dateModified":"2026-02-16T16:21:49+00:00","breadcrumb":{"@id":"https:\/\/jkstratedge.fr\/index.php\/mentions-legales\/#breadcrumb"},"inLanguage":"fr-FR","potentialAction":[{"@type":"ReadAction","target":["https:\/\/jkstratedge.fr\/index.php\/mentions-legales\/"]}]},{"@type":"BreadcrumbList","@id":"https:\/\/jkstratedge.fr\/index.php\/mentions-legales\/#breadcrumb","itemListElement":[{"@type":"ListItem","position":1,"name":"Accueil","item":"https:\/\/jkstratedge.fr\/"},{"@type":"ListItem","position":2,"name":"mentions-legales"}]},{"@type":"WebSite","@id":"https:\/\/jkstratedge.fr\/#website","url":"https:\/\/jkstratedge.fr\/","name":"JKStratEdge","description":"","publisher":{"@id":"https:\/\/jkstratedge.fr\/#organization"},"potentialAction":[{"@type":"SearchAction","target":{"@type":"EntryPoint","urlTemplate":"https:\/\/jkstratedge.fr\/?s={search_term_string}"},"query-input":{"@type":"PropertyValueSpecification","valueRequired":true,"valueName":"search_term_string"}}],"inLanguage":"fr-FR"},{"@type":"Organization","@id":"https:\/\/jkstratedge.fr\/#organization","name":"JKStratEdge","url":"https:\/\/jkstratedge.fr\/","logo":{"@type":"ImageObject","inLanguage":"fr-FR","@id":"https:\/\/jkstratedge.fr\/#\/schema\/logo\/image\/","url":"https:\/\/jkstratedge.fr\/wp-content\/uploads\/2026\/01\/logo-profil-Photoroom_2.png","contentUrl":"https:\/\/jkstratedge.fr\/wp-content\/uploads\/2026\/01\/logo-profil-Photoroom_2.png","width":682,"height":149,"caption":"JKStratEdge"},"image":{"@id":"https:\/\/jkstratedge.fr\/#\/schema\/logo\/image\/"}}]}},"_links":{"self":[{"href":"https:\/\/jkstratedge.fr\/index.php\/wp-json\/wp\/v2\/pages\/719","targetHints":{"allow":["GET"]}}],"collection":[{"href":"https:\/\/jkstratedge.fr\/index.php\/wp-json\/wp\/v2\/pages"}],"about":[{"href":"https:\/\/jkstratedge.fr\/index.php\/wp-json\/wp\/v2\/types\/page"}],"author":[{"embeddable":true,"href":"https:\/\/jkstratedge.fr\/index.php\/wp-json\/wp\/v2\/users\/1"}],"replies":[{"embeddable":true,"href":"https:\/\/jkstratedge.fr\/index.php\/wp-json\/wp\/v2\/comments?post=719"}],"version-history":[{"count":7,"href":"https:\/\/jkstratedge.fr\/index.php\/wp-json\/wp\/v2\/pages\/719\/revisions"}],"predecessor-version":[{"id":743,"href":"https:\/\/jkstratedge.fr\/index.php\/wp-json\/wp\/v2\/pages\/719\/revisions\/743"}],"wp:attachment":[{"href":"https:\/\/jkstratedge.fr\/index.php\/wp-json\/wp\/v2\/media?parent=719"}],"curies":[{"name":"wp","href":"https:\/\/api.w.org\/{rel}","templated":true}]}}